{"id":35,"date":"2021-08-16T16:51:49","date_gmt":"2021-08-16T16:51:49","guid":{"rendered":"https:\/\/iteckiche.edu.gt\/home\/?page_id=35"},"modified":"2025-09-30T16:27:43","modified_gmt":"2025-09-30T22:27:43","slug":"historia","status":"publish","type":"page","link":"https:\/\/iteckiche.edu.gt\/home\/quienes-somos\/historia\/","title":{"rendered":"Historia"},"content":{"rendered":"\t\t<div data-elementor-type=\"wp-page\" data-elementor-id=\"35\" class=\"elementor elementor-35\" data-elementor-post-type=\"page\">\n\t\t\t\t\t\t<section class=\"elementor-section elementor-top-section elementor-element elementor-element-00ef4c4 elementor-section-full_width elementor-section-height-default elementor-section-height-default\" data-id=\"00ef4c4\" data-element_type=\"section\" data-e-type=\"section\" data-settings=\"{&quot;background_background&quot;:&quot;classic&quot;}\">\n\t\t\t\t\t\t<div class=\"elementor-container elementor-column-gap-default\">\n\t\t\t\t\t<div class=\"elementor-column elementor-col-100 elementor-top-column elementor-element elementor-element-be0445d\" data-id=\"be0445d\" data-element_type=\"column\" data-e-type=\"column\">\n\t\t\t<div class=\"elementor-widget-wrap elementor-element-populated\">\n\t\t\t\t\t\t<section class=\"elementor-section elementor-inner-section elementor-element elementor-element-4a0717a elementor-section-boxed elementor-section-height-default elementor-section-height-default elementor-invisible\" data-id=\"4a0717a\" data-element_type=\"section\" data-e-type=\"section\" data-settings=\"{&quot;motion_fx_motion_fx_scrolling&quot;:&quot;yes&quot;,&quot;animation&quot;:&quot;slideInRight&quot;,&quot;animation_delay&quot;:0,&quot;motion_fx_devices&quot;:[&quot;desktop&quot;,&quot;tablet&quot;,&quot;mobile&quot;]}\">\n\t\t\t\t\t\t<div class=\"elementor-container elementor-column-gap-default\">\n\t\t\t\t\t<div class=\"elementor-column elementor-col-100 elementor-inner-column elementor-element elementor-element-5e4a548\" data-id=\"5e4a548\" data-element_type=\"column\" data-e-type=\"column\">\n\t\t\t<div class=\"elementor-widget-wrap elementor-element-populated\">\n\t\t\t\t\t\t<div class=\"elementor-element elementor-element-de26f71 elementor-widget__width-initial elementor-widget-mobile__width-initial elementor-widget elementor-widget-image\" data-id=\"de26f71\" data-element_type=\"widget\" data-e-type=\"widget\" data-widget_type=\"image.default\">\n\t\t\t\t<div class=\"elementor-widget-container\">\n\t\t\t\t\t\t\t\t\t\t\t\t\t\t\t<img decoding=\"async\" width=\"13\" height=\"40\" src=\"https:\/\/iteckiche.edu.gt\/home\/wp-content\/uploads\/2021\/08\/section.png\" class=\"attachment-full size-full wp-image-86\" alt=\"\" \/>\t\t\t\t\t\t\t\t\t\t\t\t\t\t\t<\/div>\n\t\t\t\t<\/div>\n\t\t\t\t<div class=\"elementor-element elementor-element-0ed7916 elementor-widget__width-auto elementor-widget elementor-widget-heading\" data-id=\"0ed7916\" data-element_type=\"widget\" data-e-type=\"widget\" data-widget_type=\"heading.default\">\n\t\t\t\t<div class=\"elementor-widget-container\">\n\t\t\t\t\t<h2 class=\"elementor-heading-title elementor-size-default\">HISTORIA<\/h2>\t\t\t\t<\/div>\n\t\t\t\t<\/div>\n\t\t\t\t\t<\/div>\n\t\t<\/div>\n\t\t\t\t\t<\/div>\n\t\t<\/section>\n\t\t\t\t\t<\/div>\n\t\t<\/div>\n\t\t\t\t\t<\/div>\n\t\t<\/section>\n\t\t\t\t<section class=\"elementor-section elementor-top-section elementor-element elementor-element-9ba6ae1 elementor-section-full_width elementor-section-height-default elementor-section-height-default\" data-id=\"9ba6ae1\" data-element_type=\"section\" data-e-type=\"section\">\n\t\t\t\t\t\t<div class=\"elementor-container elementor-column-gap-no\">\n\t\t\t\t\t<div class=\"elementor-column elementor-col-100 elementor-top-column elementor-element elementor-element-90901cb\" data-id=\"90901cb\" data-element_type=\"column\" data-e-type=\"column\">\n\t\t\t<div class=\"elementor-widget-wrap elementor-element-populated\">\n\t\t\t\t\t\t<div class=\"elementor-element elementor-element-9b1c952 elementor-widget elementor-widget-image\" data-id=\"9b1c952\" data-element_type=\"widget\" data-e-type=\"widget\" data-widget_type=\"image.default\">\n\t\t\t\t<div class=\"elementor-widget-container\">\n\t\t\t\t\t\t\t\t\t\t\t\t\t\t\t\t<a href=\"https:\/\/iteckiche.edu.gt\/home\/wp-content\/uploads\/2022\/09\/iteck.jpeg\" data-elementor-open-lightbox=\"yes\" data-elementor-lightbox-title=\"iteck\" data-e-action-hash=\"#elementor-action%3Aaction%3Dlightbox%26settings%3DeyJpZCI6MzY3MCwidXJsIjoiaHR0cHM6XC9cL2l0ZWNraWNoZS5lZHUuZ3RcL2hvbWVcL3dwLWNvbnRlbnRcL3VwbG9hZHNcLzIwMjJcLzA5XC9pdGVjay5qcGVnIn0%3D\">\n\t\t\t\t\t\t\t<img fetchpriority=\"high\" decoding=\"async\" width=\"1600\" height=\"719\" src=\"https:\/\/iteckiche.edu.gt\/home\/wp-content\/uploads\/2022\/09\/iteck.jpeg\" class=\"attachment-full size-full wp-image-3670\" alt=\"\" srcset=\"https:\/\/iteckiche.edu.gt\/home\/wp-content\/uploads\/2022\/09\/iteck.jpeg 1600w, https:\/\/iteckiche.edu.gt\/home\/wp-content\/uploads\/2022\/09\/iteck-300x135.jpeg 300w, https:\/\/iteckiche.edu.gt\/home\/wp-content\/uploads\/2022\/09\/iteck-1024x460.jpeg 1024w, https:\/\/iteckiche.edu.gt\/home\/wp-content\/uploads\/2022\/09\/iteck-768x345.jpeg 768w, https:\/\/iteckiche.edu.gt\/home\/wp-content\/uploads\/2022\/09\/iteck-1536x690.jpeg 1536w\" sizes=\"(max-width: 1600px) 100vw, 1600px\" \/>\t\t\t\t\t\t\t\t<\/a>\n\t\t\t\t\t\t\t\t\t\t\t\t\t\t\t<\/div>\n\t\t\t\t<\/div>\n\t\t\t\t\t<\/div>\n\t\t<\/div>\n\t\t\t\t\t<\/div>\n\t\t<\/section>\n\t\t\t\t<section class=\"elementor-section elementor-top-section elementor-element elementor-element-3c42af4 elementor-section-boxed elementor-section-height-default elementor-section-height-default\" data-id=\"3c42af4\" data-element_type=\"section\" data-e-type=\"section\">\n\t\t\t\t\t\t<div class=\"elementor-container elementor-column-gap-default\">\n\t\t\t\t\t<div class=\"elementor-column elementor-col-100 elementor-top-column elementor-element elementor-element-58552db\" data-id=\"58552db\" data-element_type=\"column\" data-e-type=\"column\">\n\t\t\t<div class=\"elementor-widget-wrap elementor-element-populated\">\n\t\t\t\t\t\t<div class=\"elementor-element elementor-element-3799e48 elementor-widget elementor-widget-text-editor\" data-id=\"3799e48\" data-element_type=\"widget\" data-e-type=\"widget\" data-widget_type=\"text-editor.default\">\n\t\t\t\t<div class=\"elementor-widget-container\">\n\t\t\t\t\t\t\t\t\t<h4 style=\"text-align: center;\"><span style=\"color: #000080;\">Nombre<\/span><strong><span style=\"color: #000080;\"> Oficial del Establecimiento<\/span><\/strong><\/h4><p style=\"text-align: center;\">Instituto Tecnol\u00f3gico K&#8217;iche&#8217; de Formaci\u00f3n y Producci\u00f3n para el Desarrollo y la Paz<\/p><p style=\"text-align: center;\"><span style=\"color: #000080;\"><strong>Fundaci\u00f3n:<\/strong><span style=\"color: #000000;\"> 22 de enero de 2001<\/span><\/span><\/p><p style=\"text-align: center;\"><span style=\"color: #000080;\"><span style=\"color: #000000;\">No. de resoluci\u00f3n oficial de creaci\u00f3n y funcionamiento por parte del MINEDUC<\/span><\/span><\/p><p style=\"text-align: center;\"><strong><span style=\"color: #000080;\"><span style=\"color: #000000;\">No. 00001 de fecha 22 de enero de 2001<\/span><\/span><\/strong><\/p>\t\t\t\t\t\t\t\t<\/div>\n\t\t\t\t<\/div>\n\t\t\t\t\t<\/div>\n\t\t<\/div>\n\t\t\t\t\t<\/div>\n\t\t<\/section>\n\t\t\t\t<section class=\"elementor-section elementor-top-section elementor-element elementor-element-8f81828 elementor-section-boxed elementor-section-height-default elementor-section-height-default\" data-id=\"8f81828\" data-element_type=\"section\" data-e-type=\"section\">\n\t\t\t\t\t\t<div class=\"elementor-container elementor-column-gap-default\">\n\t\t\t\t\t<div class=\"elementor-column elementor-col-100 elementor-top-column elementor-element elementor-element-9574775\" data-id=\"9574775\" data-element_type=\"column\" data-e-type=\"column\">\n\t\t\t<div class=\"elementor-widget-wrap elementor-element-populated\">\n\t\t\t\t\t\t<div class=\"elementor-element elementor-element-249f2ff elementor-widget elementor-widget-text-editor\" data-id=\"249f2ff\" data-element_type=\"widget\" data-e-type=\"widget\" data-widget_type=\"text-editor.default\">\n\t\t\t\t<div class=\"elementor-widget-container\">\n\t\t\t\t\t\t\t\t\t<p align=\"justify\">Ante la problem\u00e1tica de pobreza y marginaci\u00f3n que viven los ind\u00edgenas del altiplano de Guatemala, los hermanos maristas no pod\u00edan permanecer indiferentes; por eso en 1985 se estableci\u00f3 la comunidad en el Centro de Pastoral de Santo Tom\u00e1s de Chichicastenango. Hablando con el obispado y con los sacerdotes, los Hermanos Mois\u00e9s Cisneros, Gregorio Izquierdo e Ismael Gonz\u00e1lez se integraron en las labores diocesanas para trabajar en la pastoral juvenil y la formaci\u00f3n de catequistas tanto parroquial como diocesana, pero sobre todo haciendo presencia en medio de uno de los sectores m\u00e1s desfavorecidos del pa\u00eds.<\/p><p align=\"justify\">Tras el paso de varios maristas por la comunidad de Chichicastenango se capt\u00f3 la necesidad de los j\u00f3venes de formarse en aspectos t\u00e9cnicos, aprender carpinter\u00eda, soldadura, costura para las mujeres, alimentaci\u00f3n. Todas esas ideas les fueron animando para crear en el centro de pastoral peque\u00f1os talleres y cursos cortos. Surgi\u00f3 entonces la idea de ampliar la infraestructura y se fue trabajando un proyecto para impartir m\u00f3dulos m\u00e1s avanzados que incluyeran la formaci\u00f3n humana y no s\u00f3lo se centraran en lo t\u00e9cnico.<\/p><p align=\"justify\">El proyecto interes\u00f3 a la Embajada de Espa\u00f1a en Guatemala, desde donde se anim\u00f3 a los hermanos a presentarlo, a trav\u00e9s de la Federaci\u00f3n de Religiosos Espa\u00f1oles, a la Agencia Espa\u00f1ola de Cooperaci\u00f3n Internacional (AECI). As\u00ed pudo ponerse en marcha el ITEC, construyendo cinco talleres de formaci\u00f3n t\u00e9cnica y seis aulas para el bachillerato t\u00e9cnico, adem\u00e1s de un comedor, una biblioteca, un sal\u00f3n de usos m\u00faltiples, un edificio administrativo y todas las infraestructuras necesarias. El proyecto inclu\u00eda la construcci\u00f3n de un edificio de dormitorios para facilitar que los alumnos provenientes de las comunidades ind\u00edgenas rurales m\u00e1s alejadas de Chichicastenango pudieran asistir a las clases en r\u00e9gimen de internado.<\/p><p align=\"justify\">En el a\u00f1o 2001 comenzaron las clases con m\u00e1s de 50 alumnos y alumnas en las carreras de Bachillerato Industrial con Perito en Mec\u00e1nica General o Perito en Dibujo t\u00e9cnico y de construcci\u00f3n, y Bachillerato en Administraci\u00f3n industrial con Perito en Electricidad. Adem\u00e1s, el mismo Instituto dio cabida a m\u00faltiples cursos cortos impartidos por el Programa Quich\u00e9 de la Uni\u00f3n Europea y el INTECAP (Instituto T\u00e9cnico de Capacitaci\u00f3n y Productividad) ofreciendo a los j\u00f3venes la oportunidad de estudiar a nivel de bachillerato una carrera t\u00e9cnica que les permitiera posteriormente encontrar un trabajo o seguir estudiando en la universidad si la situaci\u00f3n se los permite.<\/p>\t\t\t\t\t\t\t\t<\/div>\n\t\t\t\t<\/div>\n\t\t\t\t\t<\/div>\n\t\t<\/div>\n\t\t\t\t\t<\/div>\n\t\t<\/section>\n\t\t\t\t<section class=\"elementor-section elementor-top-section elementor-element elementor-element-3d4a2ca elementor-section-boxed elementor-section-height-default elementor-section-height-default\" data-id=\"3d4a2ca\" data-element_type=\"section\" data-e-type=\"section\">\n\t\t\t\t\t\t<div class=\"elementor-container elementor-column-gap-default\">\n\t\t\t\t\t<div class=\"elementor-column elementor-col-50 elementor-top-column elementor-element elementor-element-b163b63\" data-id=\"b163b63\" data-element_type=\"column\" data-e-type=\"column\">\n\t\t\t<div class=\"elementor-widget-wrap elementor-element-populated\">\n\t\t\t\t\t\t<div class=\"elementor-element elementor-element-f6fc283 elementor-widget elementor-widget-image\" data-id=\"f6fc283\" data-element_type=\"widget\" data-e-type=\"widget\" data-widget_type=\"image.default\">\n\t\t\t\t<div class=\"elementor-widget-container\">\n\t\t\t\t\t\t\t\t\t\t\t\t\t\t\t\t<a href=\"https:\/\/iteckiche.edu.gt\/home\/wp-content\/uploads\/2022\/08\/Histo3.jpg\" data-elementor-open-lightbox=\"yes\" data-elementor-lightbox-title=\"Histo3\" data-e-action-hash=\"#elementor-action%3Aaction%3Dlightbox%26settings%3DeyJpZCI6MzMwMSwidXJsIjoiaHR0cHM6XC9cL2l0ZWNraWNoZS5lZHUuZ3RcL2hvbWVcL3dwLWNvbnRlbnRcL3VwbG9hZHNcLzIwMjJcLzA4XC9IaXN0bzMuanBnIn0%3D\">\n\t\t\t\t\t\t\t<img decoding=\"async\" width=\"800\" height=\"530\" src=\"https:\/\/iteckiche.edu.gt\/home\/wp-content\/uploads\/2022\/08\/Histo3.jpg\" class=\"attachment-large size-large wp-image-3301\" alt=\"\" srcset=\"https:\/\/iteckiche.edu.gt\/home\/wp-content\/uploads\/2022\/08\/Histo3.jpg 800w, https:\/\/iteckiche.edu.gt\/home\/wp-content\/uploads\/2022\/08\/Histo3-300x199.jpg 300w, https:\/\/iteckiche.edu.gt\/home\/wp-content\/uploads\/2022\/08\/Histo3-768x509.jpg 768w, https:\/\/iteckiche.edu.gt\/home\/wp-content\/uploads\/2022\/08\/Histo3-391x260.jpg 391w\" sizes=\"(max-width: 800px) 100vw, 800px\" \/>\t\t\t\t\t\t\t\t<\/a>\n\t\t\t\t\t\t\t\t\t\t\t\t\t\t\t<\/div>\n\t\t\t\t<\/div>\n\t\t\t\t\t<\/div>\n\t\t<\/div>\n\t\t\t\t<div class=\"elementor-column elementor-col-50 elementor-top-column elementor-element elementor-element-e4254f9\" data-id=\"e4254f9\" data-element_type=\"column\" data-e-type=\"column\">\n\t\t\t<div class=\"elementor-widget-wrap elementor-element-populated\">\n\t\t\t\t\t\t<div class=\"elementor-element elementor-element-4678324 elementor-widget elementor-widget-image\" data-id=\"4678324\" data-element_type=\"widget\" data-e-type=\"widget\" data-widget_type=\"image.default\">\n\t\t\t\t<div class=\"elementor-widget-container\">\n\t\t\t\t\t\t\t\t\t\t\t\t\t\t\t\t<a href=\"https:\/\/iteckiche.edu.gt\/home\/wp-content\/uploads\/2022\/08\/Histo4.jpg\" data-elementor-open-lightbox=\"yes\" data-elementor-lightbox-title=\"Histo4\" data-e-action-hash=\"#elementor-action%3Aaction%3Dlightbox%26settings%3DeyJpZCI6MzMwMiwidXJsIjoiaHR0cHM6XC9cL2l0ZWNraWNoZS5lZHUuZ3RcL2hvbWVcL3dwLWNvbnRlbnRcL3VwbG9hZHNcLzIwMjJcLzA4XC9IaXN0bzQuanBnIn0%3D\">\n\t\t\t\t\t\t\t<img loading=\"lazy\" decoding=\"async\" width=\"800\" height=\"522\" src=\"https:\/\/iteckiche.edu.gt\/home\/wp-content\/uploads\/2022\/08\/Histo4.jpg\" class=\"attachment-large size-large wp-image-3302\" alt=\"\" srcset=\"https:\/\/iteckiche.edu.gt\/home\/wp-content\/uploads\/2022\/08\/Histo4.jpg 800w, https:\/\/iteckiche.edu.gt\/home\/wp-content\/uploads\/2022\/08\/Histo4-300x196.jpg 300w, https:\/\/iteckiche.edu.gt\/home\/wp-content\/uploads\/2022\/08\/Histo4-768x501.jpg 768w\" sizes=\"(max-width: 800px) 100vw, 800px\" \/>\t\t\t\t\t\t\t\t<\/a>\n\t\t\t\t\t\t\t\t\t\t\t\t\t\t\t<\/div>\n\t\t\t\t<\/div>\n\t\t\t\t\t<\/div>\n\t\t<\/div>\n\t\t\t\t\t<\/div>\n\t\t<\/section>\n\t\t\t\t<\/div>\n\t\t","protected":false},"excerpt":{"rendered":"<p>HISTORIA Nombre Oficial del Establecimiento Instituto Tecnol\u00f3gico K&#8217;iche&#8217; de Formaci\u00f3n y Producci\u00f3n para el Desarrollo y la Paz Fundaci\u00f3n: 22 de enero de 2001 No. de resoluci\u00f3n oficial de creaci\u00f3n y funcionamiento por parte del MINEDUC No. 00001 de fecha 22 de enero de 2001 Ante la problem\u00e1tica de pobreza y marginaci\u00f3n que viven los [&hellip;]<\/p>\n","protected":false},"author":4,"featured_media":0,"parent":1788,"menu_order":3,"comment_status":"closed","ping_status":"closed","template":"elementor_header_footer","meta":{"_monsterinsights_skip_tracking":false,"_monsterinsights_sitenote_active":false,"_monsterinsights_sitenote_note":"","_monsterinsights_sitenote_category":0,"footnotes":""},"class_list":["post-35","page","type-page","status-publish","hentry"],"_links":{"self":[{"href":"https:\/\/iteckiche.edu.gt\/home\/wp-json\/wp\/v2\/pages\/35","targetHints":{"allow":["GET"]}}],"collection":[{"href":"https:\/\/iteckiche.edu.gt\/home\/wp-json\/wp\/v2\/pages"}],"about":[{"href":"https:\/\/iteckiche.edu.gt\/home\/wp-json\/wp\/v2\/types\/page"}],"author":[{"embeddable":true,"href":"https:\/\/iteckiche.edu.gt\/home\/wp-json\/wp\/v2\/users\/4"}],"replies":[{"embeddable":true,"href":"https:\/\/iteckiche.edu.gt\/home\/wp-json\/wp\/v2\/comments?post=35"}],"version-history":[{"count":119,"href":"https:\/\/iteckiche.edu.gt\/home\/wp-json\/wp\/v2\/pages\/35\/revisions"}],"predecessor-version":[{"id":4520,"href":"https:\/\/iteckiche.edu.gt\/home\/wp-json\/wp\/v2\/pages\/35\/revisions\/4520"}],"up":[{"embeddable":true,"href":"https:\/\/iteckiche.edu.gt\/home\/wp-json\/wp\/v2\/pages\/1788"}],"wp:attachment":[{"href":"https:\/\/iteckiche.edu.gt\/home\/wp-json\/wp\/v2\/media?parent=35"}],"curies":[{"name":"wp","href":"https:\/\/api.w.org\/{rel}","templated":true}]}}