{"id":223,"date":"2021-08-17T11:42:32","date_gmt":"2021-08-17T11:42:32","guid":{"rendered":"https:\/\/iteckiche.edu.gt\/home\/?page_id=223"},"modified":"2025-02-11T12:08:46","modified_gmt":"2025-02-11T18:08:46","slug":"fundador","status":"publish","type":"page","link":"https:\/\/iteckiche.edu.gt\/home\/quienes-somos\/fundador\/","title":{"rendered":"Fundador"},"content":{"rendered":"\t\t<div data-elementor-type=\"wp-page\" data-elementor-id=\"223\" class=\"elementor elementor-223\" data-elementor-post-type=\"page\">\n\t\t\t\t\t\t<section class=\"elementor-section elementor-top-section elementor-element elementor-element-de6e01b elementor-section-full_width elementor-section-height-default elementor-section-height-default\" data-id=\"de6e01b\" data-element_type=\"section\" data-e-type=\"section\" data-settings=\"{&quot;background_background&quot;:&quot;classic&quot;}\">\n\t\t\t\t\t\t<div class=\"elementor-container elementor-column-gap-no\">\n\t\t\t\t\t<div class=\"elementor-column elementor-col-100 elementor-top-column elementor-element elementor-element-20aecf7\" data-id=\"20aecf7\" data-element_type=\"column\" data-e-type=\"column\">\n\t\t\t<div class=\"elementor-widget-wrap elementor-element-populated\">\n\t\t\t\t\t\t<section class=\"elementor-section elementor-inner-section elementor-element elementor-element-04b85df elementor-section-boxed elementor-section-height-default elementor-section-height-default elementor-invisible\" data-id=\"04b85df\" data-element_type=\"section\" data-e-type=\"section\" data-settings=\"{&quot;motion_fx_motion_fx_scrolling&quot;:&quot;yes&quot;,&quot;animation&quot;:&quot;slideInRight&quot;,&quot;motion_fx_devices&quot;:[&quot;desktop&quot;,&quot;tablet&quot;,&quot;mobile&quot;]}\">\n\t\t\t\t\t\t<div class=\"elementor-container elementor-column-gap-default\">\n\t\t\t\t\t<div class=\"elementor-column elementor-col-100 elementor-inner-column elementor-element elementor-element-a432ff0\" data-id=\"a432ff0\" data-element_type=\"column\" data-e-type=\"column\">\n\t\t\t<div class=\"elementor-widget-wrap elementor-element-populated\">\n\t\t\t\t\t\t<div class=\"elementor-element elementor-element-e922189 elementor-widget__width-initial elementor-widget-mobile__width-initial elementor-widget elementor-widget-image\" data-id=\"e922189\" data-element_type=\"widget\" data-e-type=\"widget\" data-widget_type=\"image.default\">\n\t\t\t\t<div class=\"elementor-widget-container\">\n\t\t\t\t\t\t\t\t\t\t\t\t\t\t\t<img decoding=\"async\" width=\"13\" height=\"40\" src=\"https:\/\/iteckiche.edu.gt\/home\/wp-content\/uploads\/2021\/08\/section.png\" class=\"attachment-full size-full wp-image-86\" alt=\"\" \/>\t\t\t\t\t\t\t\t\t\t\t\t\t\t\t<\/div>\n\t\t\t\t<\/div>\n\t\t\t\t<div class=\"elementor-element elementor-element-b0ad1ff elementor-widget__width-auto elementor-widget elementor-widget-heading\" data-id=\"b0ad1ff\" data-element_type=\"widget\" data-e-type=\"widget\" data-widget_type=\"heading.default\">\n\t\t\t\t<div class=\"elementor-widget-container\">\n\t\t\t\t\t<h2 class=\"elementor-heading-title elementor-size-default\">FUNDADOR<\/h2>\t\t\t\t<\/div>\n\t\t\t\t<\/div>\n\t\t\t\t\t<\/div>\n\t\t<\/div>\n\t\t\t\t\t<\/div>\n\t\t<\/section>\n\t\t\t\t\t<\/div>\n\t\t<\/div>\n\t\t\t\t\t<\/div>\n\t\t<\/section>\n\t\t\t\t<section class=\"elementor-section elementor-top-section elementor-element elementor-element-19c942e elementor-section-full_width elementor-section-height-default elementor-section-height-default\" data-id=\"19c942e\" data-element_type=\"section\" data-e-type=\"section\">\n\t\t\t\t\t\t<div class=\"elementor-container elementor-column-gap-no\">\n\t\t\t\t\t<div class=\"elementor-column elementor-col-100 elementor-top-column elementor-element elementor-element-5158cb7\" data-id=\"5158cb7\" data-element_type=\"column\" data-e-type=\"column\">\n\t\t\t<div class=\"elementor-widget-wrap elementor-element-populated\">\n\t\t\t\t\t\t<div class=\"elementor-element elementor-element-8bc2258 elementor-widget elementor-widget-image\" data-id=\"8bc2258\" data-element_type=\"widget\" data-e-type=\"widget\" data-widget_type=\"image.default\">\n\t\t\t\t<div class=\"elementor-widget-container\">\n\t\t\t\t\t\t\t\t\t\t\t\t\t\t\t\t<a href=\"https:\/\/iteckiche.edu.gt\/home\/wp-content\/uploads\/2022\/08\/Fundador-scaled.jpg\" data-elementor-open-lightbox=\"yes\" data-elementor-lightbox-title=\"Fundador\" data-e-action-hash=\"#elementor-action%3Aaction%3Dlightbox%26settings%3DeyJpZCI6MzQyMCwidXJsIjoiaHR0cHM6XC9cL2l0ZWNraWNoZS5lZHUuZ3RcL2hvbWVcL3dwLWNvbnRlbnRcL3VwbG9hZHNcLzIwMjJcLzA4XC9GdW5kYWRvci1zY2FsZWQuanBnIn0%3D\">\n\t\t\t\t\t\t\t<img fetchpriority=\"high\" decoding=\"async\" width=\"2560\" height=\"1097\" src=\"https:\/\/iteckiche.edu.gt\/home\/wp-content\/uploads\/2022\/08\/Fundador-scaled.jpg\" class=\"attachment-full size-full wp-image-3420\" alt=\"\" srcset=\"https:\/\/iteckiche.edu.gt\/home\/wp-content\/uploads\/2022\/08\/Fundador-scaled.jpg 2560w, https:\/\/iteckiche.edu.gt\/home\/wp-content\/uploads\/2022\/08\/Fundador-300x129.jpg 300w, https:\/\/iteckiche.edu.gt\/home\/wp-content\/uploads\/2022\/08\/Fundador-1024x439.jpg 1024w, https:\/\/iteckiche.edu.gt\/home\/wp-content\/uploads\/2022\/08\/Fundador-768x329.jpg 768w, https:\/\/iteckiche.edu.gt\/home\/wp-content\/uploads\/2022\/08\/Fundador-1536x658.jpg 1536w, https:\/\/iteckiche.edu.gt\/home\/wp-content\/uploads\/2022\/08\/Fundador-2048x878.jpg 2048w\" sizes=\"(max-width: 2560px) 100vw, 2560px\" \/>\t\t\t\t\t\t\t\t<\/a>\n\t\t\t\t\t\t\t\t\t\t\t\t\t\t\t<\/div>\n\t\t\t\t<\/div>\n\t\t\t\t\t<\/div>\n\t\t<\/div>\n\t\t\t\t\t<\/div>\n\t\t<\/section>\n\t\t\t\t<section class=\"elementor-section elementor-top-section elementor-element elementor-element-2c0141d elementor-section-boxed elementor-section-height-default elementor-section-height-default\" data-id=\"2c0141d\" data-element_type=\"section\" data-e-type=\"section\">\n\t\t\t\t\t\t<div class=\"elementor-container elementor-column-gap-default\">\n\t\t\t\t\t<div class=\"elementor-column elementor-col-100 elementor-top-column elementor-element elementor-element-d6b50f8\" data-id=\"d6b50f8\" data-element_type=\"column\" data-e-type=\"column\">\n\t\t\t<div class=\"elementor-widget-wrap elementor-element-populated\">\n\t\t\t\t\t\t<div class=\"elementor-element elementor-element-848084f elementor-widget elementor-widget-text-editor\" data-id=\"848084f\" data-element_type=\"widget\" data-e-type=\"widget\" data-widget_type=\"text-editor.default\">\n\t\t\t\t<div class=\"elementor-widget-container\">\n\t\t\t\t\t\t\t\t\t<h1><span style=\"color: #00ccff;\"><b>Nuestro fundador<\/b><\/span><\/h1><p align=\"justify\">\nSan Marcelino Champagnat, naci\u00f3 el 20 de mayo de 1789 en Marlhes, Francia. Hijo de una familia cristiana, hered\u00f3 de sus padres una profunda devoci\u00f3n a la Virgen Mar\u00eda, adem\u00e1s del gusto por el trabajo, el sentido de la responsabilidad y la apertura a lo nuevo. A los 14 a\u00f1os, invitado por un sacerdote que visitaba la regi\u00f3n, Champagnat decidi\u00f3 seguir su vocaci\u00f3n sacerdotal. Los estudios fueron un per\u00edodo extremadamente dif\u00edcil para \u00e9l pues debido a la deficiente educaci\u00f3n recibida no ten\u00eda estudios primarios y se hab\u00eda dedicado a las labores del campo.\n<p align=\"justify\">\nCon gran esfuerzo, Marcelino Champagnat fue ordenado sacerdote el 22 de julio de 1816 y ayudante del p\u00e1rroco en un pueblito llamado La Valla. El aislamiento y la pobreza cultural de la regi\u00f3n eran impresionantes, y Marcelino dedic\u00f3 mucho tiempo a visitar los enfermos, dar catequesis a los ni\u00f1os, atender a los pobres y acompa\u00f1ar la vida cristiana de las familias. Pero lo que lanz\u00f3 por fin a Marcelino a iniciar un proyecto mayor fue su encuentro con un joven de 17 a\u00f1os en trance de muerte que no conoc\u00eda de Dios. Marcelino form\u00f3 la \u00abCongregaci\u00f3n de los Hermanitos de Mar\u00eda\u00bb el 2 de enero de 1817, con j\u00f3venes del campo a quienes invit\u00f3 a unirse a su sue\u00f1o. A ellos les ense\u00f1\u00f3 lectura, escritura, aritm\u00e9tica&#8230;, y a orar y vivir el Evangelio en lo cotidiano, convirti\u00e9ndolos en educadores religiosos. Al poco tiempo, Champagnat pudo enviarlos a los lugares m\u00e1s apartados de la parroquia para ense\u00f1ar a ni\u00f1os y adultos.\n<p align=\"justify\">\nSu sue\u00f1o era poder brindar a los ni\u00f1os y j\u00f3venes del campo la misma educaci\u00f3n que los Hermanos de las Escuelas Cristianas proporcionaban a los ni\u00f1os pobres de las ciudades. En sus cartas queda expresada su intenci\u00f3n de realizarlo de m\u00faltiples maneras: escuelas primarias, escuelas normales, escuelas t\u00e9cnicas, escuelas para ni\u00f1os con necesidades especiales y educar tambi\u00e9n a los j\u00f3venes adultos que trabajaban, a los j\u00f3venes de los suburbios parisinos, recibiendo como internos a hu\u00e9rfanos&#8230;\n<p align=\"justify\">\nMuri\u00f3 desgastado por su entrega generosa el 6 de junio de 1840. Para entonces su \u00abFamilia Marista\u00bb ya contaba con 290 Hermanos, trabajando en 48 escuelas. Actualmente esta misi\u00f3n es desarrollada por Hermanos y laicos maristas en 79 pa\u00edses de \u00c1frica, Am\u00e9rica, Asia, Europa y Ocean\u00eda donde el sue\u00f1o de Champagnat se va haciendo realidad en la educaci\u00f3n cristiana de los ni\u00f1os y j\u00f3venes realizada de m\u00faltiples maneras, especialmente entre los m\u00e1s pobres y desatendidos.\t\t\t\t\t\t\t\t<\/div>\n\t\t\t\t<\/div>\n\t\t\t\t\t<\/div>\n\t\t<\/div>\n\t\t\t\t\t<\/div>\n\t\t<\/section>\n\t\t\t\t<\/div>\n\t\t","protected":false},"excerpt":{"rendered":"<p>FUNDADOR Nuestro fundador San Marcelino Champagnat, naci\u00f3 el 20 de mayo de 1789 en Marlhes, Francia. Hijo de una familia cristiana, hered\u00f3 de sus padres una profunda devoci\u00f3n a la Virgen Mar\u00eda, adem\u00e1s del gusto por el trabajo, el sentido de la responsabilidad y la apertura a lo nuevo. A los 14 a\u00f1os, invitado por [&hellip;]<\/p>\n","protected":false},"author":4,"featured_media":0,"parent":1788,"menu_order":4,"comment_status":"closed","ping_status":"closed","template":"","meta":{"_monsterinsights_skip_tracking":false,"_monsterinsights_sitenote_active":false,"_monsterinsights_sitenote_note":"","_monsterinsights_sitenote_category":0,"footnotes":""},"class_list":["post-223","page","type-page","status-publish","hentry"],"_links":{"self":[{"href":"https:\/\/iteckiche.edu.gt\/home\/wp-json\/wp\/v2\/pages\/223","targetHints":{"allow":["GET"]}}],"collection":[{"href":"https:\/\/iteckiche.edu.gt\/home\/wp-json\/wp\/v2\/pages"}],"about":[{"href":"https:\/\/iteckiche.edu.gt\/home\/wp-json\/wp\/v2\/types\/page"}],"author":[{"embeddable":true,"href":"https:\/\/iteckiche.edu.gt\/home\/wp-json\/wp\/v2\/users\/4"}],"replies":[{"embeddable":true,"href":"https:\/\/iteckiche.edu.gt\/home\/wp-json\/wp\/v2\/comments?post=223"}],"version-history":[{"count":45,"href":"https:\/\/iteckiche.edu.gt\/home\/wp-json\/wp\/v2\/pages\/223\/revisions"}],"predecessor-version":[{"id":3755,"href":"https:\/\/iteckiche.edu.gt\/home\/wp-json\/wp\/v2\/pages\/223\/revisions\/3755"}],"up":[{"embeddable":true,"href":"https:\/\/iteckiche.edu.gt\/home\/wp-json\/wp\/v2\/pages\/1788"}],"wp:attachment":[{"href":"https:\/\/iteckiche.edu.gt\/home\/wp-json\/wp\/v2\/media?parent=223"}],"curies":[{"name":"wp","href":"https:\/\/api.w.org\/{rel}","templated":true}]}}