{"id":1851,"date":"2022-03-07T07:47:52","date_gmt":"2022-03-07T13:47:52","guid":{"rendered":"https:\/\/iteckiche.edu.gt\/home\/?page_id=1851"},"modified":"2022-09-06T20:30:11","modified_gmt":"2022-09-07T02:30:11","slug":"departamento-de-orientacion","status":"publish","type":"page","link":"https:\/\/iteckiche.edu.gt\/home\/academica\/oferta-academica\/departamento-de-orientacion\/","title":{"rendered":"Departamento de Orientaci\u00f3n"},"content":{"rendered":"\t\t<div data-elementor-type=\"wp-page\" data-elementor-id=\"1851\" class=\"elementor elementor-1851\" data-elementor-post-type=\"page\">\n\t\t\t\t\t\t<section class=\"elementor-section elementor-top-section elementor-element elementor-element-de6e01b elementor-section-full_width elementor-section-height-default elementor-section-height-default\" data-id=\"de6e01b\" data-element_type=\"section\" data-e-type=\"section\" data-settings=\"{&quot;background_background&quot;:&quot;classic&quot;}\">\n\t\t\t\t\t\t<div class=\"elementor-container elementor-column-gap-no\">\n\t\t\t\t\t<div class=\"elementor-column elementor-col-100 elementor-top-column elementor-element elementor-element-20aecf7\" data-id=\"20aecf7\" data-element_type=\"column\" data-e-type=\"column\">\n\t\t\t<div class=\"elementor-widget-wrap elementor-element-populated\">\n\t\t\t\t\t\t<section class=\"elementor-section elementor-inner-section elementor-element elementor-element-04b85df elementor-section-boxed elementor-section-height-default elementor-section-height-default elementor-invisible\" data-id=\"04b85df\" data-element_type=\"section\" data-e-type=\"section\" data-settings=\"{&quot;motion_fx_motion_fx_scrolling&quot;:&quot;yes&quot;,&quot;animation&quot;:&quot;slideInRight&quot;,&quot;motion_fx_devices&quot;:[&quot;desktop&quot;,&quot;tablet&quot;,&quot;mobile&quot;]}\">\n\t\t\t\t\t\t<div class=\"elementor-container elementor-column-gap-default\">\n\t\t\t\t\t<div class=\"elementor-column elementor-col-100 elementor-inner-column elementor-element elementor-element-a432ff0\" data-id=\"a432ff0\" data-element_type=\"column\" data-e-type=\"column\">\n\t\t\t<div class=\"elementor-widget-wrap elementor-element-populated\">\n\t\t\t\t\t\t<div class=\"elementor-element elementor-element-e922189 elementor-widget__width-initial elementor-widget-mobile__width-initial elementor-widget elementor-widget-image\" data-id=\"e922189\" data-element_type=\"widget\" data-e-type=\"widget\" data-widget_type=\"image.default\">\n\t\t\t\t<div class=\"elementor-widget-container\">\n\t\t\t\t\t\t\t\t\t\t\t\t\t\t\t<img decoding=\"async\" width=\"13\" height=\"40\" src=\"https:\/\/iteckiche.edu.gt\/home\/wp-content\/uploads\/2021\/08\/section.png\" class=\"attachment-full size-full wp-image-86\" alt=\"\" \/>\t\t\t\t\t\t\t\t\t\t\t\t\t\t\t<\/div>\n\t\t\t\t<\/div>\n\t\t\t\t<div class=\"elementor-element elementor-element-b0ad1ff elementor-widget__width-auto elementor-widget elementor-widget-heading\" data-id=\"b0ad1ff\" data-element_type=\"widget\" data-e-type=\"widget\" data-widget_type=\"heading.default\">\n\t\t\t\t<div class=\"elementor-widget-container\">\n\t\t\t\t\t<h2 class=\"elementor-heading-title elementor-size-default\">DEPARTAMENTO DE ORIENTACI\u00d3N<\/h2>\t\t\t\t<\/div>\n\t\t\t\t<\/div>\n\t\t\t\t\t<\/div>\n\t\t<\/div>\n\t\t\t\t\t<\/div>\n\t\t<\/section>\n\t\t\t\t\t<\/div>\n\t\t<\/div>\n\t\t\t\t\t<\/div>\n\t\t<\/section>\n\t\t\t\t<section class=\"elementor-section elementor-top-section elementor-element elementor-element-19c942e elementor-section-full_width elementor-section-height-default elementor-section-height-default\" data-id=\"19c942e\" data-element_type=\"section\" data-e-type=\"section\">\n\t\t\t\t\t\t<div class=\"elementor-container elementor-column-gap-no\">\n\t\t\t\t\t<div class=\"elementor-column elementor-col-100 elementor-top-column elementor-element elementor-element-5158cb7\" data-id=\"5158cb7\" data-element_type=\"column\" data-e-type=\"column\">\n\t\t\t<div class=\"elementor-widget-wrap elementor-element-populated\">\n\t\t\t\t\t\t<div class=\"elementor-element elementor-element-8bc2258 elementor-widget elementor-widget-image\" data-id=\"8bc2258\" data-element_type=\"widget\" data-e-type=\"widget\" data-widget_type=\"image.default\">\n\t\t\t\t<div class=\"elementor-widget-container\">\n\t\t\t\t\t\t\t\t\t\t\t\t\t\t\t<img fetchpriority=\"high\" decoding=\"async\" width=\"1600\" height=\"701\" src=\"https:\/\/iteckiche.edu.gt\/home\/wp-content\/uploads\/2022\/09\/orietnacion.jpeg\" class=\"attachment-full size-full wp-image-3477\" alt=\"\" srcset=\"https:\/\/iteckiche.edu.gt\/home\/wp-content\/uploads\/2022\/09\/orietnacion.jpeg 1600w, https:\/\/iteckiche.edu.gt\/home\/wp-content\/uploads\/2022\/09\/orietnacion-300x131.jpeg 300w, https:\/\/iteckiche.edu.gt\/home\/wp-content\/uploads\/2022\/09\/orietnacion-1024x449.jpeg 1024w, https:\/\/iteckiche.edu.gt\/home\/wp-content\/uploads\/2022\/09\/orietnacion-768x336.jpeg 768w, https:\/\/iteckiche.edu.gt\/home\/wp-content\/uploads\/2022\/09\/orietnacion-1536x673.jpeg 1536w\" sizes=\"(max-width: 1600px) 100vw, 1600px\" \/>\t\t\t\t\t\t\t\t\t\t\t\t\t\t\t<\/div>\n\t\t\t\t<\/div>\n\t\t\t\t\t<\/div>\n\t\t<\/div>\n\t\t\t\t\t<\/div>\n\t\t<\/section>\n\t\t\t\t<section class=\"elementor-section elementor-top-section elementor-element elementor-element-2c0141d elementor-section-boxed elementor-section-height-default elementor-section-height-default\" data-id=\"2c0141d\" data-element_type=\"section\" data-e-type=\"section\">\n\t\t\t\t\t\t<div class=\"elementor-container elementor-column-gap-default\">\n\t\t\t\t\t<div class=\"elementor-column elementor-col-100 elementor-top-column elementor-element elementor-element-d6b50f8\" data-id=\"d6b50f8\" data-element_type=\"column\" data-e-type=\"column\">\n\t\t\t<div class=\"elementor-widget-wrap elementor-element-populated\">\n\t\t\t\t\t\t<div class=\"elementor-element elementor-element-848084f elementor-widget elementor-widget-text-editor\" data-id=\"848084f\" data-element_type=\"widget\" data-e-type=\"widget\" data-widget_type=\"text-editor.default\">\n\t\t\t\t<div class=\"elementor-widget-container\">\n\t\t\t\t\t\t\t\t\t<strong>Departamento de Orientaci\u00f3n escolar<\/strong>\n<p align=\"justify\">\nEl departamento de orientaci\u00f3n escolar del Instituto Tecnol\u00f3gico K\u2019iche\u2019 surge ante las necesidades del servicio educativo, se establece como fin ofrecer a los miembros de la comunidad educativa marista: estudiantes, educadores y padres de familia un apoyo para propiciar y promover el desarrollo integral, un adecuado desarrollo mental, emocional, social y espiritual. Tiene como marco referencial \u201cuna educaci\u00f3n en el amor\u201d e instruir a los estudiantes para \u201cformar buenos cristianos, virtuosos ciudadanos y competentes profesionales\u201d.\n<p align=\"justify\">\n<strong>Visi\u00f3n<\/strong>\n\nLos estudiantes apoyados por el departamento de orientaci\u00f3n ser\u00e1n personas \u00edntegras con cualidades, destrezas y habilidades que les ayuden a alcanzar sus metas y objetivos, teniendo en cuenta valores cristianos, maristas y ciudadanos.\n<p align=\"justify\">\n<strong>Misi\u00f3n<\/strong>\n\nTiene como objetivo acompa\u00f1ar a los adolescentes y j\u00f3venes durante su proceso educativo y su desarrollo, f\u00edsico, intelectual, emocional y espiritual. Fortalecer y desarrollar en ellos habilidades y destrezas para la vida, mediante la orientaci\u00f3n a padres de familia, docentes y dem\u00e1s miembros de la comunidad educativa, comprometidos con la formaci\u00f3n integral de los estudiantes.\t\t\t\t\t\t\t\t<\/div>\n\t\t\t\t<\/div>\n\t\t\t\t\t<\/div>\n\t\t<\/div>\n\t\t\t\t\t<\/div>\n\t\t<\/section>\n\t\t\t\t<\/div>\n\t\t","protected":false},"excerpt":{"rendered":"<p>DEPARTAMENTO DE ORIENTACI\u00d3N Departamento de Orientaci\u00f3n escolar El departamento de orientaci\u00f3n escolar del Instituto Tecnol\u00f3gico K\u2019iche\u2019 surge ante las necesidades del servicio educativo, se establece como fin ofrecer a los miembros de la comunidad educativa marista: estudiantes, educadores y padres de familia un apoyo para propiciar y promover el desarrollo integral, un adecuado desarrollo mental, [&hellip;]<\/p>\n","protected":false},"author":4,"featured_media":0,"parent":1824,"menu_order":7,"comment_status":"closed","ping_status":"closed","template":"elementor_header_footer","meta":{"_monsterinsights_skip_tracking":false,"_monsterinsights_sitenote_active":false,"_monsterinsights_sitenote_note":"","_monsterinsights_sitenote_category":0,"footnotes":""},"class_list":["post-1851","page","type-page","status-publish","hentry"],"_links":{"self":[{"href":"https:\/\/iteckiche.edu.gt\/home\/wp-json\/wp\/v2\/pages\/1851","targetHints":{"allow":["GET"]}}],"collection":[{"href":"https:\/\/iteckiche.edu.gt\/home\/wp-json\/wp\/v2\/pages"}],"about":[{"href":"https:\/\/iteckiche.edu.gt\/home\/wp-json\/wp\/v2\/types\/page"}],"author":[{"embeddable":true,"href":"https:\/\/iteckiche.edu.gt\/home\/wp-json\/wp\/v2\/users\/4"}],"replies":[{"embeddable":true,"href":"https:\/\/iteckiche.edu.gt\/home\/wp-json\/wp\/v2\/comments?post=1851"}],"version-history":[{"count":16,"href":"https:\/\/iteckiche.edu.gt\/home\/wp-json\/wp\/v2\/pages\/1851\/revisions"}],"predecessor-version":[{"id":3764,"href":"https:\/\/iteckiche.edu.gt\/home\/wp-json\/wp\/v2\/pages\/1851\/revisions\/3764"}],"up":[{"embeddable":true,"href":"https:\/\/iteckiche.edu.gt\/home\/wp-json\/wp\/v2\/pages\/1824"}],"wp:attachment":[{"href":"https:\/\/iteckiche.edu.gt\/home\/wp-json\/wp\/v2\/media?parent=1851"}],"curies":[{"name":"wp","href":"https:\/\/api.w.org\/{rel}","templated":true}]}}