{"id":1794,"date":"2022-03-07T04:47:41","date_gmt":"2022-03-07T10:47:41","guid":{"rendered":"https:\/\/iteckiche.edu.gt\/home\/?page_id=1794"},"modified":"2025-02-11T12:08:26","modified_gmt":"2025-02-11T18:08:26","slug":"filosofia","status":"publish","type":"page","link":"https:\/\/iteckiche.edu.gt\/home\/quienes-somos\/filosofia\/","title":{"rendered":"Filosof\u00eda"},"content":{"rendered":"\t\t<div data-elementor-type=\"wp-page\" data-elementor-id=\"1794\" class=\"elementor elementor-1794\" data-elementor-post-type=\"page\">\n\t\t\t\t\t\t<section class=\"elementor-section elementor-top-section elementor-element elementor-element-de6e01b elementor-section-full_width elementor-section-height-default elementor-section-height-default\" data-id=\"de6e01b\" data-element_type=\"section\" data-e-type=\"section\" data-settings=\"{&quot;background_background&quot;:&quot;classic&quot;}\">\n\t\t\t\t\t\t<div class=\"elementor-container elementor-column-gap-no\">\n\t\t\t\t\t<div class=\"elementor-column elementor-col-100 elementor-top-column elementor-element elementor-element-20aecf7\" data-id=\"20aecf7\" data-element_type=\"column\" data-e-type=\"column\">\n\t\t\t<div class=\"elementor-widget-wrap elementor-element-populated\">\n\t\t\t\t\t\t<section class=\"elementor-section elementor-inner-section elementor-element elementor-element-04b85df elementor-section-boxed elementor-section-height-default elementor-section-height-default elementor-invisible\" data-id=\"04b85df\" data-element_type=\"section\" data-e-type=\"section\" data-settings=\"{&quot;motion_fx_motion_fx_scrolling&quot;:&quot;yes&quot;,&quot;animation&quot;:&quot;slideInRight&quot;,&quot;motion_fx_devices&quot;:[&quot;desktop&quot;,&quot;tablet&quot;,&quot;mobile&quot;]}\">\n\t\t\t\t\t\t<div class=\"elementor-container elementor-column-gap-default\">\n\t\t\t\t\t<div class=\"elementor-column elementor-col-100 elementor-inner-column elementor-element elementor-element-a432ff0\" data-id=\"a432ff0\" data-element_type=\"column\" data-e-type=\"column\">\n\t\t\t<div class=\"elementor-widget-wrap elementor-element-populated\">\n\t\t\t\t\t\t<div class=\"elementor-element elementor-element-e922189 elementor-widget__width-initial elementor-widget-mobile__width-initial elementor-widget elementor-widget-image\" data-id=\"e922189\" data-element_type=\"widget\" data-e-type=\"widget\" data-widget_type=\"image.default\">\n\t\t\t\t<div class=\"elementor-widget-container\">\n\t\t\t\t\t\t\t\t\t\t\t\t\t\t\t<img decoding=\"async\" width=\"13\" height=\"40\" src=\"https:\/\/iteckiche.edu.gt\/home\/wp-content\/uploads\/2021\/08\/section.png\" class=\"attachment-full size-full wp-image-86\" alt=\"\" \/>\t\t\t\t\t\t\t\t\t\t\t\t\t\t\t<\/div>\n\t\t\t\t<\/div>\n\t\t\t\t<div class=\"elementor-element elementor-element-b0ad1ff elementor-widget__width-auto elementor-widget elementor-widget-heading\" data-id=\"b0ad1ff\" data-element_type=\"widget\" data-e-type=\"widget\" data-widget_type=\"heading.default\">\n\t\t\t\t<div class=\"elementor-widget-container\">\n\t\t\t\t\t<h2 class=\"elementor-heading-title elementor-size-default\">FILOSOF\u00cdA<\/h2>\t\t\t\t<\/div>\n\t\t\t\t<\/div>\n\t\t\t\t\t<\/div>\n\t\t<\/div>\n\t\t\t\t\t<\/div>\n\t\t<\/section>\n\t\t\t\t\t<\/div>\n\t\t<\/div>\n\t\t\t\t\t<\/div>\n\t\t<\/section>\n\t\t\t\t<section class=\"elementor-section elementor-top-section elementor-element elementor-element-a93a1b0 elementor-section-boxed elementor-section-height-default elementor-section-height-default\" data-id=\"a93a1b0\" data-element_type=\"section\" data-e-type=\"section\">\n\t\t\t\t\t\t<div class=\"elementor-container elementor-column-gap-default\">\n\t\t\t\t\t<div class=\"elementor-column elementor-col-50 elementor-top-column elementor-element elementor-element-b6f4bc4\" data-id=\"b6f4bc4\" data-element_type=\"column\" data-e-type=\"column\">\n\t\t\t<div class=\"elementor-widget-wrap elementor-element-populated\">\n\t\t\t\t\t\t<div class=\"elementor-element elementor-element-89b0576 elementor-widget elementor-widget-image\" data-id=\"89b0576\" data-element_type=\"widget\" data-e-type=\"widget\" data-widget_type=\"image.default\">\n\t\t\t\t<div class=\"elementor-widget-container\">\n\t\t\t\t\t\t\t\t\t\t\t\t\t\t\t<img fetchpriority=\"high\" decoding=\"async\" width=\"800\" height=\"528\" src=\"https:\/\/iteckiche.edu.gt\/home\/wp-content\/uploads\/2022\/08\/Filosofia1-1024x676.jpg\" class=\"attachment-large size-large wp-image-3398\" alt=\"\" srcset=\"https:\/\/iteckiche.edu.gt\/home\/wp-content\/uploads\/2022\/08\/Filosofia1-1024x676.jpg 1024w, https:\/\/iteckiche.edu.gt\/home\/wp-content\/uploads\/2022\/08\/Filosofia1-300x198.jpg 300w, https:\/\/iteckiche.edu.gt\/home\/wp-content\/uploads\/2022\/08\/Filosofia1-768x507.jpg 768w, https:\/\/iteckiche.edu.gt\/home\/wp-content\/uploads\/2022\/08\/Filosofia1.jpg 1461w\" sizes=\"(max-width: 800px) 100vw, 800px\" \/>\t\t\t\t\t\t\t\t\t\t\t\t\t\t\t<\/div>\n\t\t\t\t<\/div>\n\t\t\t\t\t<\/div>\n\t\t<\/div>\n\t\t\t\t<div class=\"elementor-column elementor-col-50 elementor-top-column elementor-element elementor-element-4bf6315\" data-id=\"4bf6315\" data-element_type=\"column\" data-e-type=\"column\">\n\t\t\t<div class=\"elementor-widget-wrap elementor-element-populated\">\n\t\t\t\t\t\t<div class=\"elementor-element elementor-element-53823ab elementor-widget elementor-widget-image\" data-id=\"53823ab\" data-element_type=\"widget\" data-e-type=\"widget\" data-widget_type=\"image.default\">\n\t\t\t\t<div class=\"elementor-widget-container\">\n\t\t\t\t\t\t\t\t\t\t\t\t\t\t\t<img decoding=\"async\" width=\"800\" height=\"597\" src=\"https:\/\/iteckiche.edu.gt\/home\/wp-content\/uploads\/2022\/08\/Filosofia2-1024x764.jpg\" class=\"attachment-large size-large wp-image-3404\" alt=\"\" srcset=\"https:\/\/iteckiche.edu.gt\/home\/wp-content\/uploads\/2022\/08\/Filosofia2-1024x764.jpg 1024w, https:\/\/iteckiche.edu.gt\/home\/wp-content\/uploads\/2022\/08\/Filosofia2-300x224.jpg 300w, https:\/\/iteckiche.edu.gt\/home\/wp-content\/uploads\/2022\/08\/Filosofia2-768x573.jpg 768w, https:\/\/iteckiche.edu.gt\/home\/wp-content\/uploads\/2022\/08\/Filosofia2.jpg 1274w\" sizes=\"(max-width: 800px) 100vw, 800px\" \/>\t\t\t\t\t\t\t\t\t\t\t\t\t\t\t<\/div>\n\t\t\t\t<\/div>\n\t\t\t\t\t<\/div>\n\t\t<\/div>\n\t\t\t\t\t<\/div>\n\t\t<\/section>\n\t\t\t\t<section class=\"elementor-section elementor-top-section elementor-element elementor-element-14354bd elementor-section-boxed elementor-section-height-default elementor-section-height-default\" data-id=\"14354bd\" data-element_type=\"section\" data-e-type=\"section\">\n\t\t\t\t\t\t<div class=\"elementor-container elementor-column-gap-default\">\n\t\t\t\t\t<div class=\"elementor-column elementor-col-100 elementor-top-column elementor-element elementor-element-444226e\" data-id=\"444226e\" data-element_type=\"column\" data-e-type=\"column\">\n\t\t\t<div class=\"elementor-widget-wrap elementor-element-populated\">\n\t\t\t\t\t\t<div class=\"elementor-element elementor-element-d1e129b elementor-widget elementor-widget-text-editor\" data-id=\"d1e129b\" data-element_type=\"widget\" data-e-type=\"widget\" data-widget_type=\"text-editor.default\">\n\t\t\t\t<div class=\"elementor-widget-container\">\n\t\t\t\t\t\t\t\t\t<p align=\"justify\">El ITECK como instituto cat\u00f3lico de tradici\u00f3n marista, adopta el principio de Marcelino de educar a los j\u00f3venes a la manera de Mar\u00eda. Como lugar de experiencias de aprendizaje, fomentamos una educaci\u00f3n integral: a aprender a conocer, a hacer, a convivir juntos, a ser. Es una comunidad en el cual se vive y transmite la fe, la esperanza y el amor, y en el que los j\u00f3venes aprenden a armonizar entre la fe, cultura y vida.<\/p><p align=\"justify\">\nFormamos una comunidad educativa: estudiantes, padres de familia, educadores y colaboradores; y juntos buscamos un modelo evangelizador y educativo que refleje el Evangelio y nuestros ideales maristas. Juntos asumimos un proyecto y los valores esenciales basados en la amplia visi\u00f3n de la educaci\u00f3n integral.\n\nNuestros alumnos son el centro de nuestro inter\u00e9s en todo lo que concierne a la organizaci\u00f3n y a la vida escolar. Les ayudamos a adquirir conocimientos, a desarrollar sus competencias y crecer en valores a trav\u00e9s del descubrimiento de la naturaleza, de los dem\u00e1s, de s\u00ed mismos y de Dios. Sabemos que los alumnos no son iguales en sus capacidades personales ni en sus circunstancias personales, familiares, religiosas o econ\u00f3micas. Respetamos tal diversidad al desarrollar nuestros\nproyectos y pr\u00e1cticas pedag\u00f3gicas, as\u00ed como en la forma de evaluar su progreso acad\u00e9mico y sus actitudes.\n<p style=\"margin: 0cm; text-align: justify; background-image: initial; background-position: initial; background-size: initial; background-repeat: initial; background-attachment: initial; background-origin: initial; background-clip: initial;\">Animamos a los j\u00f3venes a esforzarse por ser siempre mejores. Confiamos en su capacidad para avanzar y alcanzar metas. Fomentamos la identidad personal y social de los alumnos mediante proyectos culturales, literarios, art\u00edsticos, cient\u00edficos, t\u00e9cnicos y comerciales<span style=\"font-size: 10.0pt; font-family: 'Arial',sans-serif; color: #303f50;\">.<\/span><\/p>\t\t\t\t\t\t\t\t<\/div>\n\t\t\t\t<\/div>\n\t\t\t\t\t<\/div>\n\t\t<\/div>\n\t\t\t\t\t<\/div>\n\t\t<\/section>\n\t\t\t\t<section class=\"elementor-section elementor-top-section elementor-element elementor-element-bda8c7d elementor-section-boxed elementor-section-height-default elementor-section-height-default\" data-id=\"bda8c7d\" data-element_type=\"section\" data-e-type=\"section\">\n\t\t\t\t\t\t<div class=\"elementor-container elementor-column-gap-default\">\n\t\t\t\t\t<div class=\"elementor-column elementor-col-100 elementor-top-column elementor-element elementor-element-c9d84bd\" data-id=\"c9d84bd\" data-element_type=\"column\" data-e-type=\"column\">\n\t\t\t<div class=\"elementor-widget-wrap elementor-element-populated\">\n\t\t\t\t\t\t<div class=\"elementor-element elementor-element-3bc8233 elementor-widget elementor-widget-text-editor\" data-id=\"3bc8233\" data-element_type=\"widget\" data-e-type=\"widget\" data-widget_type=\"text-editor.default\">\n\t\t\t\t<div class=\"elementor-widget-container\">\n\t\t\t\t\t\t\t\t\t<h1 style=\"margin: 10px 0px 0px; padding: 0px; font-size: 26px; font-family: Arial, 'Arial Unicode MS', Helvetica, sans-serif; font-weight: normal; line-height: 31.2px; color: #009ad6;\">Estilo<\/h1><p align=\"justify\">Una educaci\u00f3n en el amor, por el amor y para el amor en donde el centro de la vida es CRISTO y el camino es MAR\u00cdA. Mediante<br \/>la vivencia de las siguientes caracter\u00edsticas:<\/p><p align=\"justify\">\u00a0<\/p><p>1. PRESENCIA: estamos dispuestos a brindar nuestro tiempo m\u00e1s all\u00e1 de nuestro horario laboral. Estando entre los ni\u00f1os y j\u00f3venes con una presencia que previene, que es atenta y acogedora.<\/p><p>2. SENCILLEZ: siendo abiertos, sinceros y fuertes en nuestras convicciones, haciendo el bien sin ruido, evitando toda ostentaci\u00f3n.<\/p><p>3. ESP\u00cdRITU DE FAMILIA: viviendo como miembros de una familia que se ama, donde prevalezca el esp\u00edritu de acogida, aceptaci\u00f3n y pertenencia; compartiendo vida y misi\u00f3n.<\/p><p>4. AMOR AL TRABAJO: educando en la pedagog\u00eda del esfuerzo que forma un car\u00e1cter y una voluntad firmes. Promoviendo del trabajo en equipo.<\/p><p>5. A LA MANERA DE MAR\u00cdA: imitando sus virtudes (actitudes) y siendo como ella, constructores de comunidad en torno nuestro.<\/p>\t\t\t\t\t\t\t\t<\/div>\n\t\t\t\t<\/div>\n\t\t\t\t\t<\/div>\n\t\t<\/div>\n\t\t\t\t\t<\/div>\n\t\t<\/section>\n\t\t\t\t<section class=\"elementor-section elementor-top-section elementor-element elementor-element-f20bc20 elementor-section-boxed elementor-section-height-default elementor-section-height-default\" data-id=\"f20bc20\" data-element_type=\"section\" data-e-type=\"section\">\n\t\t\t\t\t\t<div class=\"elementor-container elementor-column-gap-default\">\n\t\t\t\t\t<div class=\"elementor-column elementor-col-100 elementor-top-column elementor-element elementor-element-3c7608a\" data-id=\"3c7608a\" data-element_type=\"column\" data-e-type=\"column\">\n\t\t\t<div class=\"elementor-widget-wrap elementor-element-populated\">\n\t\t\t\t\t\t<div class=\"elementor-element elementor-element-15e8664 elementor-widget elementor-widget-text-editor\" data-id=\"15e8664\" data-element_type=\"widget\" data-e-type=\"widget\" data-widget_type=\"text-editor.default\">\n\t\t\t\t<div class=\"elementor-widget-container\">\n\t\t\t\t\t\t\t\t\t<h1 style=\"text-align: center;\">Objetivos<\/h1>\n<h1>1er. Objetivo General<\/h1>\n<p align=\"justify\">Promover en todos los miembros de la Comunidad Educativa Marista del ITEC K\u00b4ICHE\u00b4 la vivencia de los Valores Cristianos, Maristas y Ciudadanos como modelo de evangelizaci\u00f3n en el mundo que nos toca vivir.<\/p>\nObjetivos espec\u00edficos:\n<p align=\"justify\">\n1.1 Nuestro objetivo principal es la evangelizaci\u00f3n de los j\u00f3venes de nuestro centro desde la Espiritualidad Marista, involucrando a toda la familia en este proceso para que sea eficaz.\n<p align=\"justify\">\n1.2 Potenciamos los valores de Humildad, Esp\u00edritu de Familia, Amor al\nTrabajo, El Servicio a Dios y a los dem\u00e1s, y de modo especial: la Devoci\u00f3n de Mar\u00eda.\n<p align=\"justify\">\n1.3 Adem\u00e1s fomentamos los valores de la nueva ciudadan\u00eda para Guatemala: empat\u00eda, sencillez, ternura, convivencia, comunicaci\u00f3n, respeto, tolerancia, equidad y justicia.\n<p align=\"justify\">\n1.4 Como educadores maristas: profesores y hermanos, intentamos con nuestro ejemplo de vida dar testimonio de coherencia, de solidaridad, respeto, justicia, compromiso social hacia los m\u00e1s necesitados de nuestros alumnos siguiendo el ejemplo del Padre Champagnat.\n<h1>2do. Objetivo General<\/h1>\n<p align=\"justify\">Fomentar en nuestros alumnos el desarrollo de las competencias profesionales necesarias para afrontar su futuro personal y profesional desde una educaci\u00f3n t\u00e9cnica de calidad, centrada en la persona donde ellos sean los sujetos de su educaci\u00f3n y se comprometan en el desarrollo de una sociedad mejor.\n\nObjetivos espec\u00edficos:\n<p align=\"justify\">\n2.1\u00a0 Los educadores seremos para nuestros alumnos, que son los principales sujetos del proceso educativo, los mediadores y\norientadores de su proceso.\n<p align=\"justify\">\n2.2\u00a0 Buscamos una s\u00f3lida capacitaci\u00f3n acad\u00e9mica y t\u00e9cnica, pero tambi\u00e9n la vivencia y desarrollo de valores y competencias\nprofesionales que permitan al y la joven situarse en el campo laboral con confianza en s\u00ed mismos.\n<p align=\"justify\">\n2.3\u00a0 Deseamos contribuir al desarrollo de una sociedad mejor, formando personas y familias solidarias.\n<h1>3er. Objetivo General<\/h1><p align=\"justify\">\nNos preocupamos por alcanzar un sistema educativo donde todos los alumnos y alumnas crezcan plenamente integrados, seguros de s\u00edmismos, respetuosos de las diferencias de g\u00e9nero y la diversidad cultural; y alcanzar una Educaci\u00f3n Integral. Nuestro trabajo y meta son que los alumnos desarrollen las competencias profesionales necesarias para ser ciudadanos de provecho para la sociedad.\n\nObjetivos espec\u00edficos:\n<p align=\"justify\">\n3.1\u00a0 Promover procesos educativos de integraci\u00f3n, tolerancia, solidaridad de todos los seres humanos, fundamentados en la\ndignidad humana y en los valores cristianos.\n<p align=\"justify\">\n3.2\u00a0 Educar en la formaci\u00f3n afectiva, sexual integral (de acuerdo a los valores inculcados por la Iglesia Cat\u00f3lica), y propiciar el respeto y compa\u00f1erismo entre todos.\n<p align=\"justify\">\n3.3\u00a0 Formaci\u00f3n basada en competencias profesionales (b\u00e1sicas, transferibles y espec\u00edficas) con valores cristianos, marista y ciudadanos impl\u00edcitos.\t\t\t\t\t\t\t\t<\/div>\n\t\t\t\t<\/div>\n\t\t\t\t\t<\/div>\n\t\t<\/div>\n\t\t\t\t\t<\/div>\n\t\t<\/section>\n\t\t\t\t<\/div>\n\t\t","protected":false},"excerpt":{"rendered":"<p>FILOSOF\u00cdA El ITECK como instituto cat\u00f3lico de tradici\u00f3n marista, adopta el principio de Marcelino de educar a los j\u00f3venes a la manera de Mar\u00eda. Como lugar de experiencias de aprendizaje, fomentamos una educaci\u00f3n integral: a aprender a conocer, a hacer, a convivir juntos, a ser. Es una comunidad en el cual se vive y transmite [&hellip;]<\/p>\n","protected":false},"author":4,"featured_media":0,"parent":1788,"menu_order":2,"comment_status":"closed","ping_status":"closed","template":"","meta":{"_monsterinsights_skip_tracking":false,"_monsterinsights_sitenote_active":false,"_monsterinsights_sitenote_note":"","_monsterinsights_sitenote_category":0,"footnotes":""},"class_list":["post-1794","page","type-page","status-publish","hentry"],"_links":{"self":[{"href":"https:\/\/iteckiche.edu.gt\/home\/wp-json\/wp\/v2\/pages\/1794","targetHints":{"allow":["GET"]}}],"collection":[{"href":"https:\/\/iteckiche.edu.gt\/home\/wp-json\/wp\/v2\/pages"}],"about":[{"href":"https:\/\/iteckiche.edu.gt\/home\/wp-json\/wp\/v2\/types\/page"}],"author":[{"embeddable":true,"href":"https:\/\/iteckiche.edu.gt\/home\/wp-json\/wp\/v2\/users\/4"}],"replies":[{"embeddable":true,"href":"https:\/\/iteckiche.edu.gt\/home\/wp-json\/wp\/v2\/comments?post=1794"}],"version-history":[{"count":91,"href":"https:\/\/iteckiche.edu.gt\/home\/wp-json\/wp\/v2\/pages\/1794\/revisions"}],"predecessor-version":[{"id":4382,"href":"https:\/\/iteckiche.edu.gt\/home\/wp-json\/wp\/v2\/pages\/1794\/revisions\/4382"}],"up":[{"embeddable":true,"href":"https:\/\/iteckiche.edu.gt\/home\/wp-json\/wp\/v2\/pages\/1788"}],"wp:attachment":[{"href":"https:\/\/iteckiche.edu.gt\/home\/wp-json\/wp\/v2\/media?parent=1794"}],"curies":[{"name":"wp","href":"https:\/\/api.w.org\/{rel}","templated":true}]}}